{"id":566,"date":"2020-09-08T09:22:44","date_gmt":"2020-09-08T09:22:44","guid":{"rendered":"http:\/\/wpdemo.archiwp.com\/maxbizz\/?page_id=566"},"modified":"2025-08-10T13:41:22","modified_gmt":"2025-08-10T11:41:22","slug":"faqs","status":"publish","type":"page","link":"https:\/\/consolidaintermediarios.com\/index.php\/faqs\/","title":{"rendered":"FAQs"},"content":{"rendered":"\t\t<div data-elementor-type=\"wp-page\" data-elementor-id=\"566\" class=\"elementor elementor-566\" data-elementor-post-type=\"page\">\n\t\t\t\t\t\t<section class=\"elementor-section elementor-top-section elementor-element elementor-element-1fad6c2 elementor-section-boxed elementor-section-height-default elementor-section-height-default\" data-id=\"1fad6c2\" data-element_type=\"section\">\n\t\t\t\t\t\t<div class=\"elementor-container elementor-column-gap-default\">\n\t\t\t\t\t<div class=\"elementor-column elementor-col-100 elementor-top-column elementor-element elementor-element-cfef8fb ot-flex-column-vertical\" data-id=\"cfef8fb\" data-element_type=\"column\">\n\t\t\t<div class=\"elementor-widget-wrap elementor-element-populated\">\n\t\t\t\t\t\t<section class=\"elementor-section elementor-inner-section elementor-element elementor-element-b29ca39 elementor-section-full_width elementor-section-height-default elementor-section-height-default\" data-id=\"b29ca39\" data-element_type=\"section\">\n\t\t\t\t\t\t<div class=\"elementor-container elementor-column-gap-default\">\n\t\t\t\t\t<div class=\"elementor-column elementor-col-33 elementor-inner-column elementor-element elementor-element-3d04547 ot-flex-column-vertical\" data-id=\"3d04547\" data-element_type=\"column\">\n\t\t\t<div class=\"elementor-widget-wrap\">\n\t\t\t\t\t\t\t<\/div>\n\t\t<\/div>\n\t\t\t\t<div class=\"elementor-column elementor-col-33 elementor-inner-column elementor-element elementor-element-ba86566 ot-flex-column-vertical\" data-id=\"ba86566\" data-element_type=\"column\">\n\t\t\t<div class=\"elementor-widget-wrap elementor-element-populated\">\n\t\t\t\t\t\t<div class=\"elementor-element elementor-element-4865c99 elementor-widget elementor-widget-iheading\" data-id=\"4865c99\" data-element_type=\"widget\" data-widget_type=\"iheading.default\">\n\t\t\t\t<div class=\"elementor-widget-container\">\n\t\t\t\t\t\t\t<div class=\"ot-heading\">\r\n\t        <span class=\"is_highlight\">faqs<\/span>\t        <h2 class=\"main-head\">Perguntas mais populares<\/h2>\t    <\/div>\r\n\t    \t\t\t\t<\/div>\n\t\t\t\t<\/div>\n\t\t\t\t<div class=\"elementor-element elementor-element-f714140 elementor-widget elementor-widget-text-editor\" data-id=\"f714140\" data-element_type=\"widget\" data-widget_type=\"text-editor.default\">\n\t\t\t\t<div class=\"elementor-widget-container\">\n\t\t\t\t\t\t\t\t\t<p>Aqui est\u00e1 uma lista de\u00a0<strong>Perguntas Frequentes (FAQ)<\/strong> para a sua empresa\u00a0<strong>CONSOLIDA CREDITO<\/strong>, especializada em cr\u00e9dito online para pessoas\u00a0<\/p>\t\t\t\t\t\t\t\t<\/div>\n\t\t\t\t<\/div>\n\t\t\t\t\t<\/div>\n\t\t<\/div>\n\t\t\t\t<div class=\"elementor-column elementor-col-33 elementor-inner-column elementor-element elementor-element-af5bfe2 ot-flex-column-vertical\" data-id=\"af5bfe2\" data-element_type=\"column\">\n\t\t\t<div class=\"elementor-widget-wrap\">\n\t\t\t\t\t\t\t<\/div>\n\t\t<\/div>\n\t\t\t\t\t<\/div>\n\t\t<\/section>\n\t\t\t\t<section class=\"elementor-section elementor-inner-section elementor-element elementor-element-0e107ea elementor-section-full_width elementor-section-height-default elementor-section-height-default\" data-id=\"0e107ea\" data-element_type=\"section\">\n\t\t\t\t\t\t<div class=\"elementor-container elementor-column-gap-extended\">\n\t\t\t\t\t<div class=\"elementor-column elementor-col-50 elementor-inner-column elementor-element elementor-element-531351e ot-flex-column-vertical\" data-id=\"531351e\" data-element_type=\"column\">\n\t\t\t<div class=\"elementor-widget-wrap elementor-element-populated\">\n\t\t\t\t\t\t<div class=\"elementor-element elementor-element-2e8ff7b elementor-widget elementor-widget-iaccordions\" data-id=\"2e8ff7b\" data-element_type=\"widget\" data-widget_type=\"iaccordions.default\">\n\t\t\t\t<div class=\"elementor-widget-container\">\n\t\t\t\t\t\r\n\t\t<div class=\"ot-accordions\">\r\n\t\t\t\t\t\t<div class=\"acc-item\">\r\n\t\t\t\t<div class=\"acc-toggle flex-middle\" data-default=\"yes\">1. Quais tipos de cr\u00e9dito a CONSOLIDA CREDITO oferece? \r\n\t\t\t\t\t<i class=\"ot-flaticon-arrowsoutline\"><\/i>\r\n\t\t\t\t<\/div>\r\n\t\t\t\t<div class=\"acc-content\">\r\n\t\t\t\t\t<p class=\"ds-markdown-paragraph\">A CONSOLIDA CREDITO oferece uma variedade de cr\u00e9ditos online, incluindo:<\/p><ul><li><p class=\"ds-markdown-paragraph\"><strong>Cr\u00e9dito pessoal<\/strong>\u00a0(para projetos pessoais)<\/p><\/li><li><p class=\"ds-markdown-paragraph\"><strong>Cr\u00e9dito profissional<\/strong>\u00a0(para empreendedores e PMEs)<\/p><\/li><li><p class=\"ds-markdown-paragraph\"><strong>Reunifica\u00e7\u00e3o de d\u00edvidas<\/strong>\u00a0(consolida\u00e7\u00e3o de empr\u00e9stimos)<\/p><\/li><li><p class=\"ds-markdown-paragraph\"><strong>Cr\u00e9dito Autom\u00f3vel<\/strong> ( Conquiste o autom\u00f3vel que sempre quis com parcelas que cabem no seu bolso )<\/p><\/li><li><p class=\"ds-markdown-paragraph\"><strong>Financiamento imobili\u00e1rio<\/strong>\u00a0(compra, reformas, investimento)<\/p><\/li><\/ul>\t\t\t\t<\/div>\r\n\t\t\t<\/div>\r\n\t\t\t\t\t\t<div class=\"acc-item\">\r\n\t\t\t\t<div class=\"acc-toggle flex-middle\" data-default=\"\">2. Como fa\u00e7o para solicitar um cr\u00e9dito na CONSOLIDA CREDITO? \r\n\t\t\t\t\t<i class=\"ot-flaticon-arrowsoutline\"><\/i>\r\n\t\t\t\t<\/div>\r\n\t\t\t\t<div class=\"acc-content\">\r\n\t\t\t\t\t<p class=\"ds-markdown-paragraph\">O processo \u00e9\u00a0<strong>100% online<\/strong>\u00a0e r\u00e1pido:<\/p><ol start=\"1\"><li><p class=\"ds-markdown-paragraph\">Preencha o formul\u00e1rio no site.<\/p><\/li><li><p class=\"ds-markdown-paragraph\">Envie os documentos necess\u00e1rios (RG, comprovante de renda, etc.).<\/p><\/li><li><p class=\"ds-markdown-paragraph\">Receba uma resposta preliminar em\u00a0<strong>24 a 48 horas<\/strong>.<\/p><\/li><li><p class=\"ds-markdown-paragraph\">Ap\u00f3s aprova\u00e7\u00e3o, o dinheiro \u00e9 liberado rapidamente.<\/p><\/li><\/ol>\t\t\t\t<\/div>\r\n\t\t\t<\/div>\r\n\t\t\t\t\t\t<div class=\"acc-item\">\r\n\t\t\t\t<div class=\"acc-toggle flex-middle\" data-default=\"\">3. Quais s\u00e3o os requisitos para obter um cr\u00e9dito? \r\n\t\t\t\t\t<i class=\"ot-flaticon-arrowsoutline\"><\/i>\r\n\t\t\t\t<\/div>\r\n\t\t\t\t<div class=\"acc-content\">\r\n\t\t\t\t\t<p class=\"ds-markdown-paragraph\">Os crit\u00e9rios variam conforme o tipo de cr\u00e9dito, mas geralmente exigimos:<\/p><ul><li><p class=\"ds-markdown-paragraph\">Ser maior de 18 anos.<\/p><\/li><li><p class=\"ds-markdown-paragraph\">Ter renda comprovada (assalariado, aut\u00f4nomo, aposentado).<\/p><\/li><li><p class=\"ds-markdown-paragraph\">N\u00e3o estar com o nome negativado ou em restri\u00e7\u00e3o grave.<\/p><\/li><\/ul>\t\t\t\t<\/div>\r\n\t\t\t<\/div>\r\n\t\t\t\t\t\t<div class=\"acc-item\">\r\n\t\t\t\t<div class=\"acc-toggle flex-middle\" data-default=\"\">4. Qual \u00e9 o valor m\u00ednimo e m\u00e1ximo que posso pedir? \r\n\t\t\t\t\t<i class=\"ot-flaticon-arrowsoutline\"><\/i>\r\n\t\t\t\t<\/div>\r\n\t\t\t\t<div class=\"acc-content\">\r\n\t\t\t\t\t<ul><li><p class=\"ds-markdown-paragraph\"><strong>Cr\u00e9dito pessoal<\/strong>: De <strong>3<span class=\"katex\"><span class=\"katex-mathml\"><strong>.000<\/strong> a <\/span><\/span>\u00a0100.000\u20ac<\/strong>\u00a0(conforme an\u00e1lise).<\/p><\/li><li><p class=\"ds-markdown-paragraph\"><strong>Cr\u00e9dito empresarial<\/strong>: At\u00e9 <strong>\u00a0500.000\u20ac<\/strong>\u00a0(depende do faturamento).<\/p><\/li><li><p class=\"ds-markdown-paragraph\"><strong>Financiamento imobili\u00e1rio<\/strong>: At\u00e9 <strong>\u00a01.000.000\u20ac<\/strong>\u00a0(ou mais, sob condi\u00e7\u00f5es).<\/p><\/li><\/ul>\t\t\t\t<\/div>\r\n\t\t\t<\/div>\r\n\t\t\t\t\t\t<div class=\"acc-item\">\r\n\t\t\t\t<div class=\"acc-toggle flex-middle\" data-default=\"\">5. Qual \u00e9 a taxa de juros m\u00e9dia da CONSOLIDA CREDITO? \r\n\t\t\t\t\t<i class=\"ot-flaticon-arrowsoutline\"><\/i>\r\n\t\t\t\t<\/div>\r\n\t\t\t\t<div class=\"acc-content\">\r\n\t\t\t\t\t<p class=\"ds-markdown-paragraph\">Nossas taxas s\u00e3o\u00a0<strong>competitivas<\/strong>\u00a0e variam conforme:<\/p><ul><li><p class=\"ds-markdown-paragraph\">Seu perfil financeiro.<\/p><\/li><li><p class=\"ds-markdown-paragraph\">Prazo e valor do empr\u00e9stimo.<\/p><\/li><li><p class=\"ds-markdown-paragraph\">Tipo de cr\u00e9dito contratado.<\/p><\/li><\/ul>\t\t\t\t<\/div>\r\n\t\t\t<\/div>\r\n\t\t\t\t    <\/div>\r\n\r\n\t    \t\t\t\t<\/div>\n\t\t\t\t<\/div>\n\t\t\t\t\t<\/div>\n\t\t<\/div>\n\t\t\t\t<div class=\"elementor-column elementor-col-50 elementor-inner-column elementor-element elementor-element-a627a5f ot-flex-column-vertical\" data-id=\"a627a5f\" data-element_type=\"column\">\n\t\t\t<div class=\"elementor-widget-wrap elementor-element-populated\">\n\t\t\t\t\t\t<div class=\"elementor-element elementor-element-8463953 elementor-widget elementor-widget-iaccordions\" data-id=\"8463953\" data-element_type=\"widget\" data-widget_type=\"iaccordions.default\">\n\t\t\t\t<div class=\"elementor-widget-container\">\n\t\t\t\t\t\r\n\t\t<div class=\"ot-accordions\">\r\n\t\t\t\t\t\t<div class=\"acc-item\">\r\n\t\t\t\t<div class=\"acc-toggle flex-middle\" data-default=\"yes\">6. Quanto tempo leva para o cr\u00e9dito ser aprovado? \r\n\t\t\t\t\t<i class=\"ot-flaticon-arrowsoutline\"><\/i>\r\n\t\t\t\t<\/div>\r\n\t\t\t\t<div class=\"acc-content\">\r\n\t\t\t\t\t<ul><li><p class=\"ds-markdown-paragraph\"><strong>Resposta preliminar<\/strong>:\u00a0<strong>24 a 48 horas<\/strong>.<\/p><\/li><li><p class=\"ds-markdown-paragraph\"><strong>Libera\u00e7\u00e3o do dinheiro<\/strong>: Em at\u00e9\u00a0<strong>72 horas<\/strong>\u00a0ap\u00f3s aprova\u00e7\u00e3o.<\/p><\/li><\/ul>\t\t\t\t<\/div>\r\n\t\t\t<\/div>\r\n\t\t\t\t\t\t<div class=\"acc-item\">\r\n\t\t\t\t<div class=\"acc-toggle flex-middle\" data-default=\"\">7. Posso quitar o cr\u00e9dito antecipadamente? \r\n\t\t\t\t\t<i class=\"ot-flaticon-arrowsoutline\"><\/i>\r\n\t\t\t\t<\/div>\r\n\t\t\t\t<div class=\"acc-content\">\r\n\t\t\t\t\t<p>Sim, permitimos\u00a0<strong>pagamento antecipado<\/strong>, muitas vezes com redu\u00e7\u00e3o de juros (consulte condi\u00e7\u00f5es).<\/p>\t\t\t\t<\/div>\r\n\t\t\t<\/div>\r\n\t\t\t\t\t\t<div class=\"acc-item\">\r\n\t\t\t\t<div class=\"acc-toggle flex-middle\" data-default=\"\">8. E se eu tiver dificuldades para pagar? \r\n\t\t\t\t\t<i class=\"ot-flaticon-arrowsoutline\"><\/i>\r\n\t\t\t\t<\/div>\r\n\t\t\t\t<div class=\"acc-content\">\r\n\t\t\t\t\t<p class=\"ds-markdown-paragraph\">Entre em contato\u00a0<strong>imediatamente<\/strong>\u00a0para avaliarmos solu\u00e7\u00f5es:<\/p><ul><li><p class=\"ds-markdown-paragraph\">Reprograma\u00e7\u00e3o de prazos.<\/p><\/li><li><p class=\"ds-markdown-paragraph\">Alongamento das parcelas.<\/p><\/li><li><p class=\"ds-markdown-paragraph\">Revis\u00e3o do contrato.<\/p><\/li><\/ul>\t\t\t\t<\/div>\r\n\t\t\t<\/div>\r\n\t\t\t\t\t\t<div class=\"acc-item\">\r\n\t\t\t\t<div class=\"acc-toggle flex-middle\" data-default=\"\">9. A CONSOLIDA CREDITO oferece cr\u00e9dito sem comprova\u00e7\u00e3o de renda? \r\n\t\t\t\t\t<i class=\"ot-flaticon-arrowsoutline\"><\/i>\r\n\t\t\t\t<\/div>\r\n\t\t\t\t<div class=\"acc-content\">\r\n\t\t\t\t\t<p>Exigimos <strong>comprovantes de renda<\/strong>\u00a0para garantir uma proposta segura e adequada ao seu perfil.<\/p>\t\t\t\t<\/div>\r\n\t\t\t<\/div>\r\n\t\t\t\t\t\t<div class=\"acc-item\">\r\n\t\t\t\t<div class=\"acc-toggle flex-middle\" data-default=\"\">10. Como entrar em contato com o atendimento ao cliente? \r\n\t\t\t\t\t<i class=\"ot-flaticon-arrowsoutline\"><\/i>\r\n\t\t\t\t<\/div>\r\n\t\t\t\t<div class=\"acc-content\">\r\n\t\t\t\t\t<ul><li><p class=\"ds-markdown-paragraph\"><strong>Telefone<\/strong>:<\/p><p>Portugal : (+351) 961 690 179 <br \/>Fran\u00e7a : (+33) 6 44 69 37 28<\/p><\/li><li><p class=\"ds-markdown-paragraph\"><strong>E-mail<\/strong>: contacto@consolidaintermediarios.com<\/p><\/li><\/ul>\t\t\t\t<\/div>\r\n\t\t\t<\/div>\r\n\t\t\t\t    <\/div>\r\n\r\n\t    \t\t\t\t<\/div>\n\t\t\t\t<\/div>\n\t\t\t\t\t<\/div>\n\t\t<\/div>\n\t\t\t\t\t<\/div>\n\t\t<\/section>\n\t\t\t\t\t<\/div>\n\t\t<\/div>\n\t\t\t\t\t<\/div>\n\t\t<\/section>\n\t\t\t\t<\/div>\n\t\t","protected":false},"excerpt":{"rendered":"<p>faqs Perguntas mais populares Aqui est\u00e1 uma lista de\u00a0Perguntas Frequentes (FAQ) para a sua empresa\u00a0CONSOLIDA CREDITO, especializada em cr\u00e9dito online para pessoas\u00a0 1. Quais tipos de cr\u00e9dito a CONSOLIDA CREDITO oferece? A CONSOLIDA CREDITO oferece uma variedade de cr\u00e9ditos online, incluindo: Cr\u00e9dito pessoal\u00a0(para projetos pessoais) Cr\u00e9dito profissional\u00a0(para empreendedores e PMEs) Reunifica\u00e7\u00e3o de d\u00edvidas\u00a0(consolida\u00e7\u00e3o de empr\u00e9stimos) [&hellip;]<\/p>\n","protected":false},"author":1,"featured_media":0,"parent":0,"menu_order":0,"comment_status":"closed","ping_status":"closed","template":"","meta":{"footnotes":""},"class_list":["post-566","page","type-page","status-publish","hentry"],"_links":{"self":[{"href":"https:\/\/consolidaintermediarios.com\/index.php\/wp-json\/wp\/v2\/pages\/566","targetHints":{"allow":["GET"]}}],"collection":[{"href":"https:\/\/consolidaintermediarios.com\/index.php\/wp-json\/wp\/v2\/pages"}],"about":[{"href":"https:\/\/consolidaintermediarios.com\/index.php\/wp-json\/wp\/v2\/types\/page"}],"author":[{"embeddable":true,"href":"https:\/\/consolidaintermediarios.com\/index.php\/wp-json\/wp\/v2\/users\/1"}],"replies":[{"embeddable":true,"href":"https:\/\/consolidaintermediarios.com\/index.php\/wp-json\/wp\/v2\/comments?post=566"}],"version-history":[{"count":57,"href":"https:\/\/consolidaintermediarios.com\/index.php\/wp-json\/wp\/v2\/pages\/566\/revisions"}],"predecessor-version":[{"id":2875,"href":"https:\/\/consolidaintermediarios.com\/index.php\/wp-json\/wp\/v2\/pages\/566\/revisions\/2875"}],"wp:attachment":[{"href":"https:\/\/consolidaintermediarios.com\/index.php\/wp-json\/wp\/v2\/media?parent=566"}],"curies":[{"name":"wp","href":"https:\/\/api.w.org\/{rel}","templated":true}]}}